{"id":207,"date":"2020-06-02T08:39:49","date_gmt":"2020-06-02T06:39:49","guid":{"rendered":"http:\/\/janzy.eu:8686\/?page_id=207"},"modified":"2020-10-05T12:46:23","modified_gmt":"2020-10-05T10:46:23","slug":"clanstvo","status":"publish","type":"page","link":"http:\/\/www.drustvo-vodarjev.si\/en\/clanstvo\/","title":{"rendered":"\u010clanstvo"},"content":{"rendered":"<p>\u010clan dru\u0161tva lahko postane doma\u010da ali tuja fizi\u010dna ali pravna oseba, ki sprejema pravila dru\u0161tva ter izrazi \u017eeljo postati \u010dlan dru\u0161tva ter v ta namen podpi\u0161e pristopno izjavo. \u010clanstvo v dru\u0161tvu je prostovoljno. S pristopno izjavo se \u010dlan dru\u0161tva zave\u017ee redno pla\u010devati \u010dlanarino in aktivno delovati v dru\u0161tvu. Pravno osebo v dru\u0161tvu zastopa poobla\u0161\u010dena oseba in sicer s pisnim soglasjem pravne osebe. V \u010dlanstvo sprejema upravni odbor.<\/p>\n\n\n\n<p>\u010clanarina je opredeljena v Pravilniku o \u010dlanarini DVS.<\/p>","protected":false},"excerpt":{"rendered":"<p>\u010clan dru\u0161tva lahko postane doma\u010da ali tuja fizi\u010dna ali pravna oseba, ki sprejema pravila dru\u0161tva ter izrazi \u017eeljo postati \u010dlan dru\u0161tva ter v ta namen&hellip;<\/p>","protected":false},"author":1,"featured_media":0,"parent":0,"menu_order":0,"comment_status":"closed","ping_status":"closed","template":"","meta":[],"_links":{"self":[{"href":"http:\/\/www.drustvo-vodarjev.si\/en\/wp-json\/wp\/v2\/pages\/207"}],"collection":[{"href":"http:\/\/www.drustvo-vodarjev.si\/en\/wp-json\/wp\/v2\/pages"}],"about":[{"href":"http:\/\/www.drustvo-vodarjev.si\/en\/wp-json\/wp\/v2\/types\/page"}],"author":[{"embeddable":true,"href":"http:\/\/www.drustvo-vodarjev.si\/en\/wp-json\/wp\/v2\/users\/1"}],"replies":[{"embeddable":true,"href":"http:\/\/www.drustvo-vodarjev.si\/en\/wp-json\/wp\/v2\/comments?post=207"}],"version-history":[{"count":1,"href":"http:\/\/www.drustvo-vodarjev.si\/en\/wp-json\/wp\/v2\/pages\/207\/revisions"}],"predecessor-version":[{"id":208,"href":"http:\/\/www.drustvo-vodarjev.si\/en\/wp-json\/wp\/v2\/pages\/207\/revisions\/208"}],"wp:attachment":[{"href":"http:\/\/www.drustvo-vodarjev.si\/en\/wp-json\/wp\/v2\/media?parent=207"}],"curies":[{"name":"wp","href":"https:\/\/api.w.org\/{rel}","templated":true}]}}