{"id":120,"date":"2020-06-01T10:16:16","date_gmt":"2020-06-01T08:16:16","guid":{"rendered":"http:\/\/janzy.eu:8686\/?page_id=120"},"modified":"2024-12-25T12:23:17","modified_gmt":"2024-12-25T10:23:17","slug":"organi-drustva","status":"publish","type":"page","link":"http:\/\/www.drustvo-vodarjev.si\/en\/organi-drustva\/","title":{"rendered":"Organi dru\u0161tva"},"content":{"rendered":"<p><strong>Organi dru\u0161tva od ustanovitve do 2020:<\/strong><\/p>\n\n\n\n<p><strong>1994 &#8211; URADNI NASLOV Tumova 8, 63211 \u0160kofja vas<\/strong><\/p>\n\n\n\n<p><strong>Predsednik<\/strong>: Mitja Starec, <strong>generalni sekretar<\/strong> g. Bela Bukvi\u010d, <strong>namestnik predsednika<\/strong> g. Branko Skutnik, <strong>\u010dlani<\/strong> pa: \u0160tefan Fartek, Drago Klobu\u010dar, Vladimir Kova\u010di\u010d, Valter Pauli\u010d, Stanislav Pavlin, Nikolaj Ro\u017ei\u010d, Toma\u017e Globokar, Ivan Lipov\u0161ek, Boris Pero\u0161a, Vinko Brezar, Franc Steinman. <strong>Nadzorni svet<\/strong> je bil v sestavi: Stane Petri\u010d (predsednik), Ivo Senica, Vladimir Haller. <strong>Komisija za varstvo pred vodo<\/strong>: Rok Fazarinc (predsednik), Franc Av\u0161i\u010d, Franc Bobovec, Ale\u0161 Horvat, Smiljan Juvan, Robert Kepa, Albin Krape\u017e, Marko Planin\u0161ek, Vesna Su\u0161ec-\u0160uker, Franc \u0160mid, Damjan Vodnjov. <strong>Komisija za varstvo vode<\/strong>: Mitja Rismal (predsednik), Bla\u017eenka Fliser, Zlatko Gabrijel\u010di\u010d, Uro\u0161 Krajnc, Leonid Kregar, Darko Lukan, Ivan Parkelj, Zorka Sotlar, Igor Kova\u010di\u010d, Oto Tusar, Du\u0161an Zgonik. <strong>\u010castno razsodi\u0161\u010de<\/strong>: Janko Bleiweis, Jo\u017ee Cetina, Anton Cvahte, Lado Gori\u0161ek, Ivan Krapec<\/p>\n\n\n\n<p><strong>1995<\/strong><\/p>\n\n\n\n<p><strong>KOMISIJA ZA VARSTVO PRED VODO<\/strong> Franc Av\u0161i\u010d (v.d. predsednika); <strong>KOMISIJA ZA VARSTVO VODE<\/strong> Uro\u0161 Krajnc (v.d. predsednika)<\/p>\n\n\n\n<p><strong>1996<\/strong><\/p>\n\n\n\n<p><strong>Zamenjave v organih dru\u0161tva: FORUM <\/strong>Jo\u017ee Harej namesto Ivana Lipov\u0161ka; <strong>KOMISIJA ZA VARSTVO PRED VODO<\/strong> predsednik Matja\u017e Miko\u0161 namesto Roka Fazarinca; <strong>KOMISIJA ZA VARSTVO VODE<\/strong> predsednik Jo\u017ee Panjan namesto Mitja Rismala<\/p>\n\n\n\n<p><strong>1997<\/strong><\/p>\n\n\n\n<p><strong>FORUM <\/strong>Mitja Starec (predsednik), Bela Bukvi\u010d (gen. sekretar), \u0160tefan Fartek, Toma\u017e Globokar, Jo\u017ee Harej, Drago Klobu\u010dar, Vladimir Kova\u010di\u010d, Matija Marin\u010dek, Stanislav Pavlin, Boris Pero\u010da, Franci Steinman, Jane\u017e \u0160eme, Damijan Vodnjov; <strong>NADZORNI SVET<\/strong> Stane Petri\u010d, Milo\u0161 Gnus, Roman Rajer; <strong>KOMISIJA ZA VARSTVO PRED VODO<\/strong> Matja\u017e Miko\u0161 (predsednik), Franc Av\u0161i\u010d, Franc Bobovec, Uro\u0161 Ferjan, Ale\u0161 Horvat, Smiljan Juvan, Robert Kepa, Albin Krape\u017e, Marko Planin\u0161ek, Vesna Su\u0161ec-\u0160uker, Franc \u0160mid; <strong>KOMISIJA ZA VARSTVO VODE<\/strong> Jo\u017ee Panjan (predsednik), Zlatko Gabrijel\u010di\u010d, Igor Kova\u010di\u010d, Uro\u0161 Krajnc, Leonid Kregar, Darko Lukan, Ivan Parkelj, Zorka Sotlar, Mirjana Teselj, Oto Tu\u0161ar, Du\u0161an Zgonik; <strong>\u010cASTNO RAZSODI\u0160\u010cE<\/strong> Janko Bleiweis, Anton Cvahte, Vlado Gori\u0161ek, Ivan Krapec, Toma\u017e Umek<\/p>\n\n\n\n<p><strong>1999<\/strong><\/p>\n\n\n\n<p><strong>FORUM<\/strong> Matja\u017e Miko\u0161 namesto Francija Steinmana<\/p>\n\n\n\n<p><strong>2000<\/strong><\/p>\n\n\n\n<p><strong>FORUM <\/strong>Mitja Starec (predsednik), Bela Bukvi\u010d (gen. sekretar), \u017deljko Bla\u017eeka, Toma\u017e Globokar, Jo\u017ee Harej, Ale\u0161 Horvat, Iztok Kleinbencetl, Drago Klobu\u010dar, Vladimir Kova\u010di\u010d, Matija Marin\u010dek, Jo\u017ee Panjan, Stanislav Pavlin, Janez Sraka, Damijan Vodnjov; <strong>NADZORNI SVET<\/strong> \u0160tefan Fartek (predsednik), Danilo Seni\u010d, Vesna Su\u0161ec-\u0160uker; <strong>KOMISIJA ZA VARSTVO PRED VODO<\/strong> Viktor Pirc (predsednik); <strong>KOMISIJA ZA VARSTVO VODE<\/strong> Zorka Sotlar (predsednik); <strong>\u010cASTNO RAZSODI\u0160\u010cE<\/strong> Milo\u0161 Gnus, Janez Hribar, Sandra Pirjevec, Roman Rajer, Franc \u0160ala<\/p>\n\n\n\n<p><strong>2001<\/strong><\/p>\n\n\n\n<p><strong>FORUM <\/strong>Mitja Starec (predsednik), Bela Bukvi\u010d (gen. sekretar), \u017deljko Bla\u017eeka, Ale\u0161 Horvat, Drago Klobu\u010dar, Jo\u017ee Panjan, Stanislav Pavlin, Vinko Brezar, Andrej Bukovec, Jo\u017ee Dominko, Janez Nu\u010di\u010d, Sandra Pirjevec, Roman Rajer, Nikolaj Ro\u017ei\u010d, Danilo Seni\u010d; <strong>NADZORNI SVET<\/strong> \u0160tefan Fartek (predsednik), Marija Ren\u010delj, Vesna Su\u0161ec-\u0160uker; <strong>KOMISIJA ZA VARSTVO PRED VODO<\/strong> Viktor Pirc (predsednik); <strong>KOMISIJA ZA VARSTVO VODE<\/strong> Zorka Sotlar (predsednik); <strong>\u010cASTNO RAZSODI\u0160\u010cE<\/strong> Milo\u0161 Gnus, Janez Hribar, Boris Pero\u0161a, Ivan Parkelj, Franc \u0160ala<\/p>\n\n\n\n<p><strong>2003<\/strong><\/p>\n\n\n\n<p>samorazre\u0161itev \u010dlanov Foruma zaradi kroni\u010dne nesklep\u010dnosti<\/p>\n\n\n\n<p><strong>2004 \u2013 <\/strong><strong>Spremenjen NASLOV DRU\u0160TVA<\/strong>; Lava 7, 3000 Celje<\/p>\n\n\n\n<p><strong>FORUM Lidija Globevnik<\/strong> (predsednica), Toma\u017e Ober\u017ean (gen. sekretar), Mojca \u010cerne, Igor Lampi\u010d, Zlatko Mikuli\u010d, Mitja Rismal, Agata Suhadolnik, Toma\u017e Umek; <strong>NADZORNI SVET<\/strong> Tadej Marki\u010d, Stanislav Pavlin, Boris Pero\u0161a; <strong>\u010cASTNO RAZSODI\u0160\u010cE<\/strong> \u0160tefan Fartek, Veronika Firm, Matija Marin\u010dek, Mitja Starec, Janez \u0160eme;<\/p>\n\n\n\n<p><strong>2007<\/strong><\/p>\n\n\n\n<p><strong>FORUM<\/strong> Lidija Globevnik (predsednica), Tone Pre\u0161eren (tajnik), Igor Plestenjak, Damjan Sever, Emilija Obal, Borut Ro\u0161kar, Zlatko Mikuli\u010d, Toma\u017e Ober\u017ean, Silvana Bati\u010d; <strong>NADZORNI SVET<\/strong> Uro\u0161 Krajnc, Mitja Starec, Franci Av\u0161i\u010d; <strong>\u010cASTNO RAZSODI\u0160\u010cE<\/strong> \u0160tefan Fartek, Veronika Firm, Matija Marin\u010dek, Smiljan Juvan, Janez \u0160eme.<\/p>\n\n\n\n<p><strong>2010<\/strong><\/p>\n\n\n\n<p>Ale\u0161 Klabus namesto Igorja Plestenjaka; preimenovanje <strong>\u010cASTNEGA RAZSODI\u0160\u010cA<\/strong> v<strong> DISCIPLINSKO SODI\u0160\u010cE<\/strong><\/p>\n\n\n\n<p><strong>2011<\/strong><\/p>\n\n\n\n<p><strong>FORUM<\/strong> Lidija Globevnik (predsednica), Zlatko Mikuli\u010d (podpredsednik), Tone Pre\u0161eren (tajnik), Ale\u0161 Klabus, Damjan Sever, Andrej Biro, Borut Ro\u0161kar, Toma\u017e Ober\u017ean, Silvana Bati\u010d; <strong>NADZORNI SVET<\/strong> Uro\u0161 Krajnc, Mitja Starec, Franci Av\u0161i\u010d; <strong>\u010cASTNO RAZSODI\u0160\u010cE<\/strong> Veronika Firm, Matija Marin\u010dek, Smiljan Juvan.<\/p>\n\n\n\n<p><strong>2016 \u2013 Spremenjen URADNI NASLOV: <\/strong>\u0160ipkova ulica 10, 1241 Kamnik<\/p>\n\n\n\n<p><strong>Upravni odbor:<\/strong> dr. Lidija Globevnik (predsednica), Ale\u0161 Klabus (podpredsednik), Tone Pre\u0161eren (tajnik), dr. Zlatko Mikuli\u010d, Damjan Sever, Andrej Biro, Borut Ro\u0161kar, dr. Vanja Ram\u0161ak, Silvana Bati\u010d; <strong>NADZORNI SVET<\/strong> Franci Av\u0161i\u010d (predsednik), dr. Uro\u0161 Krajnc in Mitja Starec; <strong>\u010cASTNO RAZSODI\u0160\u010cE<\/strong> Veronika Firm, mag. Matija Marin\u010dek, mag. Smiljan Juvan.<\/p>\n\n\n\n<p><strong>2022<\/strong><\/p>\n\n\n\n<p><strong>Upravni odbor:<\/strong> dr. Lidija Globevnik (predsednica), Ga\u0161per Zupan\u010di\u010d (podpredsednik), Tone Pre\u0161eren (tajnik), Silvana Bati\u010d, Ale\u0161 Klabus, dr. Uro\u0161 Krajnc,  Andrej Biro, Damjan Sever, Borut Ro\u0161kar, Matej Radinja; <strong>NADZORNI SVET<\/strong> mag. Smiljan Juvan (predsednik), Mitja Starec, mag. Mateja Klane\u010dek; <strong>\u010cASTNO RAZSODI\u0160\u010cE<\/strong> mag. Matija Marin\u010dek (predsednik), Veronika Firm, Ga\u0161per \u0160ubelj.<\/p>\n\n\n\n<p><strong>2024<\/strong><\/p>\n\n\n\n<p><strong>Upravni odbor:<\/strong> Ga\u0161per Zupan\u010di\u010d (predsednik), Andrej Biro (podpredsednik), Tone Pre\u0161eren (tajnik), dr. Lidija Globevnik, Silvana Bati\u010d, Ale\u0161 Klabus, dr. Uro\u0161 Krajnc, Damjan Sever, Borut Ro\u0161kar, Matej Radinja; <strong>NADZORNI SVET<\/strong> mag. Smiljan Juvan (predsednik), Mitja Starec, mag. Mateja Klane\u010dek; <strong>\u010cASTNO RAZSODI\u0160\u010cE<\/strong> mag. Matija Marin\u010dek (predsednik), Veronika Firm, Ga\u0161per \u0160ubelj.<\/p>","protected":false},"excerpt":{"rendered":"<p>Organi dru\u0161tva od ustanovitve do 2020: 1994 &#8211; URADNI NASLOV Tumova 8, 63211 \u0160kofja vas Predsednik: Mitja Starec, generalni sekretar g. Bela Bukvi\u010d, namestnik predsednika&hellip;<\/p>","protected":false},"author":1,"featured_media":0,"parent":0,"menu_order":0,"comment_status":"closed","ping_status":"closed","template":"","meta":[],"_links":{"self":[{"href":"http:\/\/www.drustvo-vodarjev.si\/en\/wp-json\/wp\/v2\/pages\/120"}],"collection":[{"href":"http:\/\/www.drustvo-vodarjev.si\/en\/wp-json\/wp\/v2\/pages"}],"about":[{"href":"http:\/\/www.drustvo-vodarjev.si\/en\/wp-json\/wp\/v2\/types\/page"}],"author":[{"embeddable":true,"href":"http:\/\/www.drustvo-vodarjev.si\/en\/wp-json\/wp\/v2\/users\/1"}],"replies":[{"embeddable":true,"href":"http:\/\/www.drustvo-vodarjev.si\/en\/wp-json\/wp\/v2\/comments?post=120"}],"version-history":[{"count":10,"href":"http:\/\/www.drustvo-vodarjev.si\/en\/wp-json\/wp\/v2\/pages\/120\/revisions"}],"predecessor-version":[{"id":1213,"href":"http:\/\/www.drustvo-vodarjev.si\/en\/wp-json\/wp\/v2\/pages\/120\/revisions\/1213"}],"wp:attachment":[{"href":"http:\/\/www.drustvo-vodarjev.si\/en\/wp-json\/wp\/v2\/media?parent=120"}],"curies":[{"name":"wp","href":"https:\/\/api.w.org\/{rel}","templated":true}]}}