{"id":118,"date":"2020-06-01T10:14:45","date_gmt":"2020-06-01T08:14:45","guid":{"rendered":"http:\/\/janzy.eu:8686\/?page_id=118"},"modified":"2020-10-05T12:48:49","modified_gmt":"2020-10-05T10:48:49","slug":"drustvo","status":"publish","type":"page","link":"http:\/\/www.drustvo-vodarjev.si\/en\/drustvo\/","title":{"rendered":"Dru\u0161tvo"},"content":{"rendered":"<p>Dru\u0161tvo vodarjev Slovenije (DVS) je prostovoljno, samostojno, nepridobitno zdru\u017eenje fizi\u010dnih in pravnih oseb, doma\u010dih in tujih, ki se zdru\u017eujejo na obmo\u010dju Republike Slovenije zaradi skupno dolo\u010denih interesov, opredeljenih v tem statutu, skladno z navedenim zakonom. Dru\u0161tvo deluje na obmo\u010dju Republike Slovenije. Ustanovljeno je bilo 11. februarja leta 1994 na ustanovnem plenumu v Dobrni.<\/p>\n\n\n\n<p>Dru\u0161tvo deluje v javnem interesu, skladno statutu, veljavnim zakonskim in drugim predpisom. Delo dru\u0161tva in njegovih organov je javno. Javnost dela se zagotavlja s tem, da so seje skup\u0161\u010dine in upravnega odbora javne. Za javnost dela dru\u0161tva je odgovoren predsednik dru\u0161tva. Dru\u0161tvo zagotavlja javnost svojega finan\u010dnega in materialnega poslovanja s pravico vpogleda v to dokumentacijo vsakemu \u010dlanu.<\/p>\n\n\n\n<p>Namen dru\u0161tva je spremljati politike do voda, oblikovanje pobud v zvezi z vsemi vpra\u0161anji povezanimi z vodami, informiranje javnosti o vseh vpra\u0161anjih s podro\u010dja vodarstva, sodelovanje pri vzgoji in izobra\u017eevanju na podro\u010dju vodarstva, sodelovanje z lokalnimi, regionalnimi, nacionalnimi in mednarodnimi organizacijami, priprava izobra\u017eevalnih gradiv za \u010dlane dru\u0161tva, promocijske aktivnosti s podro\u010dja delovanja dru\u0161tva v vseh medijih.<\/p>\n\n\n\n<p>Mandatna doba \u010dlanov dru\u0161tva, voljenih v organe dru\u0161tva, predsednika in podpredsednika, je 4 leta. \u010clani organov dru\u0161tva, predsednik in podpredsednik so za svoje delo odgovorni Skup\u0161\u010dini dru\u0161tva.<\/p>\n\n\n\n<p><strong>Organi dru\u0161tva so:<\/strong><\/p>\n\n\n\n<ul><li>skup\u0161\u010dina<\/li><li>upravni odbor<\/li><li>nadzorni svet<\/li><li>disciplinsko sodi\u0161\u010de<\/li><\/ul>\n\n\n\n<p><strong>Dejavnosti dru\u0161tva:<\/strong><\/p>\n\n\n\n<ul><li>sodelovanje na okroglih mizah ob dogodkih, pri katerih sodeluje DVS<\/li><li>organizacija strokovne ekskurzije v Sloveniji enkrat letno<\/li><li>organizacija strokovne ekskurzije v tujino \u2013 jesen<\/li><li>volilna ali letne skup\u0161\u010dine DVS<\/li><li>izdaja revije Slovenski vodar<\/li><li>vzdr\u017eevanje spletne strani<\/li><li>sodelovanje z drugimi nevladnimi organizacijami<\/li><li>sodelovanje z mediji<\/li><li>sodelovanje pri pripravljanju zakonodaje<\/li><li>sodelovanje na posvetih Dr\u017eavnega sveta in Sveta za varstvo okolja RS<\/li><li>drugo<\/li><\/ul>\n\n\n\n<p><\/p>","protected":false},"excerpt":{"rendered":"<p>Dru\u0161tvo vodarjev Slovenije (DVS) je prostovoljno, samostojno, nepridobitno zdru\u017eenje fizi\u010dnih in pravnih oseb, doma\u010dih in tujih, ki se zdru\u017eujejo na obmo\u010dju Republike Slovenije zaradi skupno&hellip;<\/p>","protected":false},"author":1,"featured_media":0,"parent":0,"menu_order":0,"comment_status":"closed","ping_status":"closed","template":"","meta":[],"_links":{"self":[{"href":"http:\/\/www.drustvo-vodarjev.si\/en\/wp-json\/wp\/v2\/pages\/118"}],"collection":[{"href":"http:\/\/www.drustvo-vodarjev.si\/en\/wp-json\/wp\/v2\/pages"}],"about":[{"href":"http:\/\/www.drustvo-vodarjev.si\/en\/wp-json\/wp\/v2\/types\/page"}],"author":[{"embeddable":true,"href":"http:\/\/www.drustvo-vodarjev.si\/en\/wp-json\/wp\/v2\/users\/1"}],"replies":[{"embeddable":true,"href":"http:\/\/www.drustvo-vodarjev.si\/en\/wp-json\/wp\/v2\/comments?post=118"}],"version-history":[{"count":4,"href":"http:\/\/www.drustvo-vodarjev.si\/en\/wp-json\/wp\/v2\/pages\/118\/revisions"}],"predecessor-version":[{"id":482,"href":"http:\/\/www.drustvo-vodarjev.si\/en\/wp-json\/wp\/v2\/pages\/118\/revisions\/482"}],"wp:attachment":[{"href":"http:\/\/www.drustvo-vodarjev.si\/en\/wp-json\/wp\/v2\/media?parent=118"}],"curies":[{"name":"wp","href":"https:\/\/api.w.org\/{rel}","templated":true}]}}